{"id":2180,"date":"2022-12-02T15:10:35","date_gmt":"2022-12-02T14:10:35","guid":{"rendered":"https:\/\/syrec.net\/?page_id=2180"},"modified":"2022-12-10T12:02:13","modified_gmt":"2022-12-10T11:02:13","slug":"chateau-catherine-de-montgolfier","status":"publish","type":"page","link":"https:\/\/syrec.net\/en\/chateau-catherine-de-montgolfier\/","title":{"rendered":""},"content":{"rendered":"<div data-elementor-type=\"wp-page\" data-elementor-id=\"2180\" class=\"elementor elementor-2180\">\n\t\t\t\t\t\t\t\t\t<section class=\"has_eae_slider elementor-section elementor-top-section elementor-element elementor-element-1267e00 elementor-section-stretched elementor-section-full_width elementor-section-height-default elementor-section-height-default\" data-id=\"1267e00\" data-element_type=\"section\" data-settings=\"{&quot;stretch_section&quot;:&quot;section-stretched&quot;}\">\n\t\t\t\t\t\t<div class=\"elementor-container elementor-column-gap-default\">\n\t\t\t\t\t<div class=\"has_eae_slider elementor-column elementor-col-50 elementor-top-column elementor-element elementor-element-b71ea6d\" data-id=\"b71ea6d\" data-element_type=\"column\">\n\t\t\t<div class=\"elementor-widget-wrap elementor-element-populated\">\n\t\t\t\t\t\t\t\t<div class=\"elementor-element elementor-element-7e91af4 elementor-widget elementor-widget-image\" data-id=\"7e91af4\" data-element_type=\"widget\" data-widget_type=\"image.default\">\n\t\t\t\t<div class=\"elementor-widget-container\">\n\t\t\t<style>\/*! elementor - v3.16.0 - 17-10-2023 *\/\n.elementor-widget-image{text-align:center}.elementor-widget-image a{display:inline-block}.elementor-widget-image a img[src$=\".svg\"]{width:48px}.elementor-widget-image img{vertical-align:middle;display:inline-block}<\/style>\t\t\t\t\t\t\t\t\t\t\t\t<img loading=\"lazy\" decoding=\"async\" width=\"300\" height=\"300\" src=\"https:\/\/syrec.net\/wp-content\/uploads\/2022\/12\/logo_ChateauC2M_RVB-300x300.png\" class=\"attachment-medium size-medium wp-image-2182\" alt=\"\" srcset=\"https:\/\/syrec.net\/wp-content\/uploads\/2022\/12\/logo_ChateauC2M_RVB-300x300.png 300w, https:\/\/syrec.net\/wp-content\/uploads\/2022\/12\/logo_ChateauC2M_RVB-1024x1024.png 1024w, https:\/\/syrec.net\/wp-content\/uploads\/2022\/12\/logo_ChateauC2M_RVB-150x150.png 150w, https:\/\/syrec.net\/wp-content\/uploads\/2022\/12\/logo_ChateauC2M_RVB-768x768.png 768w, https:\/\/syrec.net\/wp-content\/uploads\/2022\/12\/logo_ChateauC2M_RVB-12x12.png 12w, https:\/\/syrec.net\/wp-content\/uploads\/2022\/12\/logo_ChateauC2M_RVB.png 1182w\" sizes=\"(max-width: 300px) 100vw, 300px\" \/>\t\t\t\t\t\t\t\t\t\t\t\t\t\t\t<\/div>\n\t\t\t\t<\/div>\n\t\t\t\t\t<\/div>\n\t\t<\/div>\n\t\t\t\t<div class=\"has_eae_slider elementor-column elementor-col-50 elementor-top-column elementor-element elementor-element-aa7367d\" data-id=\"aa7367d\" data-element_type=\"column\">\n\t\t\t<div class=\"elementor-widget-wrap elementor-element-populated\">\n\t\t\t\t\t\t\t\t<div class=\"elementor-element elementor-element-176c3916 elementor-widget elementor-widget-heading\" data-id=\"176c3916\" data-element_type=\"widget\" data-widget_type=\"heading.default\">\n\t\t\t\t<div class=\"elementor-widget-container\">\n\t\t\t<style>\/*! elementor - v3.16.0 - 17-10-2023 *\/\n.elementor-heading-title{padding:0;margin:0;line-height:1}.elementor-widget-heading .elementor-heading-title[class*=elementor-size-]>a{color:inherit;font-size:inherit;line-height:inherit}.elementor-widget-heading .elementor-heading-title.elementor-size-small{font-size:15px}.elementor-widget-heading .elementor-heading-title.elementor-size-medium{font-size:19px}.elementor-widget-heading .elementor-heading-title.elementor-size-large{font-size:29px}.elementor-widget-heading .elementor-heading-title.elementor-size-xl{font-size:39px}.elementor-widget-heading .elementor-heading-title.elementor-size-xxl{font-size:59px}<\/style><h5 class=\"elementor-heading-title elementor-size-default\">Le site du Ch\u00e2teau Catherine de Montgolfier est en construction. \n\nVous pouvez joindre l'\u00e9quipe du Ch\u00e2teau avec les coordonn\u00e9es ci-dessous.<\/h5>\t\t<\/div>\n\t\t\t\t<\/div>\n\t\t\t\t<div class=\"elementor-element elementor-element-37d1bc49 elementor-widget elementor-widget-heading\" data-id=\"37d1bc49\" data-element_type=\"widget\" data-widget_type=\"heading.default\">\n\t\t\t\t<div class=\"elementor-widget-container\">\n\t\t\t<h4 class=\"elementor-heading-title elementor-size-default\">En pleine mutation, le Ch\u00e2teau Catherine de Montgolfier reste pour le moment sous son ancien nom : Domaine de la Ramade.<\/h4>\t\t<\/div>\n\t\t\t\t<\/div>\n\t\t\t\t\t<\/div>\n\t\t<\/div>\n\t\t\t\t\t\t\t<\/div>\n\t\t<\/section>\n\t\t\t\t<section class=\"has_eae_slider elementor-section elementor-top-section elementor-element elementor-element-9ffa3d1 elementor-section-stretched elementor-section-full_width elementor-section-height-default elementor-section-height-default\" data-id=\"9ffa3d1\" data-element_type=\"section\" data-settings=\"{&quot;stretch_section&quot;:&quot;section-stretched&quot;}\">\n\t\t\t\t\t\t<div class=\"elementor-container elementor-column-gap-default\">\n\t\t\t\t\t<div class=\"has_eae_slider elementor-column elementor-col-100 elementor-top-column elementor-element elementor-element-ec026af animated-fast elementor-invisible\" data-id=\"ec026af\" data-element_type=\"column\" data-settings=\"{&quot;motion_fx_motion_fx_scrolling&quot;:&quot;yes&quot;,&quot;motion_fx_translateY_effect&quot;:&quot;yes&quot;,&quot;motion_fx_translateY_speed&quot;:{&quot;unit&quot;:&quot;px&quot;,&quot;size&quot;:0.6,&quot;sizes&quot;:[]},&quot;motion_fx_motion_fx_mouse&quot;:&quot;yes&quot;,&quot;animation&quot;:&quot;bounceIn&quot;,&quot;animation_delay&quot;:300,&quot;motion_fx_translateY_affectedRange&quot;:{&quot;unit&quot;:&quot;%&quot;,&quot;size&quot;:&quot;&quot;,&quot;sizes&quot;:{&quot;start&quot;:0,&quot;end&quot;:100}},&quot;motion_fx_devices&quot;:[&quot;desktop&quot;,&quot;tablet&quot;,&quot;mobile&quot;]}\">\n\t\t\t<div class=\"elementor-widget-wrap elementor-element-populated\">\n\t\t\t\t\t\t\t\t<div class=\"elementor-element elementor-element-e871bac elementor-widget elementor-widget-html\" data-id=\"e871bac\" data-element_type=\"widget\" data-widget_type=\"html.default\">\n\t\t\t\t<div class=\"elementor-widget-container\">\n\t\t\t<iframe id=\"macarte\" src=\"https:\/\/www.google.com\/maps\/embed?pb=!1m14!1m8!1m3!1d2909.576394681789!2d3.1101929789899314!3d43.17641523398667!3m2!1i1024!2i768!4f13.1!3m3!1m2!1s0x0%3A0xac87ed307a9070c!2sDomaine%20de%20la%20Ramade!5e0!3m2!1sfr!2sus!4v1670668556264!5m2!1sfr!2sus\" width=\"100%\" height=\"450\" allowfullscreen=\"\" loading=\"lazy\" referrerpolicy=\"no-referrer-when-downgrade\"><\/iframe>\t\t<\/div>\n\t\t\t\t<\/div>\n\t\t\t\t\t<\/div>\n\t\t<\/div>\n\t\t\t\t\t\t\t<\/div>\n\t\t<\/section>\n\t\t\t\t<section class=\"has_eae_slider elementor-section elementor-top-section elementor-element elementor-element-6eb4e08 elementor-section-stretched elementor-section-boxed elementor-section-height-default elementor-section-height-default\" data-id=\"6eb4e08\" data-element_type=\"section\" data-settings=\"{&quot;stretch_section&quot;:&quot;section-stretched&quot;}\">\n\t\t\t\t\t\t<div class=\"elementor-container elementor-column-gap-default\">\n\t\t\t\t\t<div class=\"has_eae_slider elementor-column elementor-col-50 elementor-top-column elementor-element elementor-element-76e9d09\" data-id=\"76e9d09\" data-element_type=\"column\">\n\t\t\t<div class=\"elementor-widget-wrap elementor-element-populated\">\n\t\t\t\t\t\t\t\t<div class=\"elementor-element elementor-element-0bc1234 elementor-view-default elementor-position-top elementor-mobile-position-top elementor-widget elementor-widget-icon-box\" data-id=\"0bc1234\" data-element_type=\"widget\" data-widget_type=\"icon-box.default\">\n\t\t\t\t<div class=\"elementor-widget-container\">\n\t\t\t<link rel=\"stylesheet\" href=\"https:\/\/syrec.net\/wp-content\/plugins\/elementor\/assets\/css\/widget-icon-box.min.css\">\t\t<div class=\"elementor-icon-box-wrapper\">\n\t\t\t\t\t\t<div class=\"elementor-icon-box-icon\">\n\t\t\t\t<span  class=\"elementor-icon elementor-animation-\">\n\t\t\t\t<i aria-hidden=\"true\" class=\"fas fa-phone\"><\/i>\t\t\t\t<\/span>\n\t\t\t<\/div>\n\t\t\t\t\t\t<div class=\"elementor-icon-box-content\">\n\t\t\t\t<h3 class=\"elementor-icon-box-title\">\n\t\t\t\t\t<span  >\n\t\t\t\t\t\t04 68 41 31 15\t\t\t\t\t<\/span>\n\t\t\t\t<\/h3>\n\t\t\t\t\t\t\t<\/div>\n\t\t<\/div>\n\t\t\t\t<\/div>\n\t\t\t\t<\/div>\n\t\t\t\t\t<\/div>\n\t\t<\/div>\n\t\t\t\t<div class=\"has_eae_slider elementor-column elementor-col-50 elementor-top-column elementor-element elementor-element-1c83cd3\" data-id=\"1c83cd3\" data-element_type=\"column\">\n\t\t\t<div class=\"elementor-widget-wrap elementor-element-populated\">\n\t\t\t\t\t\t\t\t<div class=\"elementor-element elementor-element-ffb9af5 elementor-view-default elementor-position-top elementor-mobile-position-top elementor-widget elementor-widget-icon-box\" data-id=\"ffb9af5\" data-element_type=\"widget\" data-widget_type=\"icon-box.default\">\n\t\t\t\t<div class=\"elementor-widget-container\">\n\t\t\t\t\t<div class=\"elementor-icon-box-wrapper\">\n\t\t\t\t\t\t<div class=\"elementor-icon-box-icon\">\n\t\t\t\t<span  class=\"elementor-icon elementor-animation-\">\n\t\t\t\t<i aria-hidden=\"true\" class=\"fas fa-envelope\"><\/i>\t\t\t\t<\/span>\n\t\t\t<\/div>\n\t\t\t\t\t\t<div class=\"elementor-icon-box-content\">\n\t\t\t\t<h3 class=\"elementor-icon-box-title\">\n\t\t\t\t\t<span  >\n\t\t\t\t\t\tXXX\t\t\t\t\t<\/span>\n\t\t\t\t<\/h3>\n\t\t\t\t\t\t\t<\/div>\n\t\t<\/div>\n\t\t\t\t<\/div>\n\t\t\t\t<\/div>\n\t\t\t\t\t<\/div>\n\t\t<\/div>\n\t\t\t\t\t\t\t<\/div>\n\t\t<\/section>\n\t\t\t\t\t\t\t<\/div>","protected":false},"excerpt":{"rendered":"<p>Le site du Ch\u00e2teau Catherine de Montgolfier est en construction. Vous pouvez joindre l&rsquo;\u00e9quipe du Ch\u00e2teau avec les coordonn\u00e9es ci-dessous. En pleine mutation, le Ch\u00e2teau Catherine de Montgolfier reste pour le moment sous son ancien nom : Domaine de la Ramade. 04 68 41 31 15 XXX<\/p>","protected":false},"author":5,"featured_media":0,"parent":0,"menu_order":0,"comment_status":"closed","ping_status":"closed","template":"","meta":{"footnotes":""},"yoast_head":"<!-- This site is optimized with the Yoast SEO Premium plugin v19.5 (Yoast SEO v19.11) - https:\/\/yoast.com\/wordpress\/plugins\/seo\/ -->\n<title>- SYREC<\/title>\n<meta name=\"robots\" content=\"index, follow, max-snippet:-1, max-image-preview:large, max-video-preview:-1\" \/>\n<link rel=\"canonical\" href=\"https:\/\/syrec.net\/en\/chateau-catherine-de-montgolfier\/\" \/>\n<meta property=\"og:locale\" content=\"en_US\" \/>\n<meta property=\"og:type\" content=\"article\" \/>\n<meta property=\"og:description\" content=\"Le site du Ch\u00e2teau Catherine de Montgolfier est en construction. Vous pouvez joindre l&rsquo;\u00e9quipe du Ch\u00e2teau avec les coordonn\u00e9es ci-dessous. En pleine mutation, le Ch\u00e2teau Catherine de Montgolfier reste pour le moment sous son ancien nom : Domaine de la Ramade. 04 68 41 31 15 XXX\" \/>\n<meta property=\"og:url\" content=\"https:\/\/syrec.net\/en\/chateau-catherine-de-montgolfier\/\" \/>\n<meta property=\"og:site_name\" content=\"SYREC\" \/>\n<meta property=\"article:modified_time\" content=\"2022-12-10T11:02:13+00:00\" \/>\n<meta property=\"og:image\" content=\"https:\/\/syrec.net\/wp-content\/uploads\/2022\/12\/logo_ChateauC2M_RVB-300x300.png\" \/>\n<meta name=\"twitter:card\" content=\"summary_large_image\" \/>\n<meta name=\"twitter:label1\" content=\"Est. reading time\" \/>\n\t<meta name=\"twitter:data1\" content=\"1 minute\" \/>\n<script type=\"application\/ld+json\" class=\"yoast-schema-graph\">{\"@context\":\"https:\/\/schema.org\",\"@graph\":[{\"@type\":\"WebPage\",\"@id\":\"https:\/\/syrec.net\/chateau-catherine-de-montgolfier\/\",\"url\":\"https:\/\/syrec.net\/chateau-catherine-de-montgolfier\/\",\"name\":\"- SYREC\",\"isPartOf\":{\"@id\":\"https:\/\/syrec.net\/#website\"},\"datePublished\":\"2022-12-02T14:10:35+00:00\",\"dateModified\":\"2022-12-10T11:02:13+00:00\",\"inLanguage\":\"en-US\",\"potentialAction\":[{\"@type\":\"ReadAction\",\"target\":[\"https:\/\/syrec.net\/chateau-catherine-de-montgolfier\/\"]}]},{\"@type\":\"WebSite\",\"@id\":\"https:\/\/syrec.net\/#website\",\"url\":\"https:\/\/syrec.net\/\",\"name\":\"SYREC\",\"description\":\"\",\"publisher\":{\"@id\":\"https:\/\/syrec.net\/#organization\"},\"potentialAction\":[{\"@type\":\"SearchAction\",\"target\":{\"@type\":\"EntryPoint\",\"urlTemplate\":\"https:\/\/syrec.net\/?s={search_term_string}\"},\"query-input\":\"required name=search_term_string\"}],\"inLanguage\":\"en-US\"},{\"@type\":\"Organization\",\"@id\":\"https:\/\/syrec.net\/#organization\",\"name\":\"SYREC\",\"url\":\"https:\/\/syrec.net\/\",\"logo\":{\"@type\":\"ImageObject\",\"inLanguage\":\"en-US\",\"@id\":\"https:\/\/syrec.net\/#\/schema\/logo\/image\/\",\"url\":\"https:\/\/syrec.net\/wp-content\/uploads\/2022\/10\/Plan-de-travail-2-1.png\",\"contentUrl\":\"https:\/\/syrec.net\/wp-content\/uploads\/2022\/10\/Plan-de-travail-2-1.png\",\"width\":2061,\"height\":1345,\"caption\":\"SYREC\"},\"image\":{\"@id\":\"https:\/\/syrec.net\/#\/schema\/logo\/image\/\"}}]}<\/script>\n<!-- \/ Yoast SEO Premium plugin. -->","yoast_head_json":{"title":"- SYREC","robots":{"index":"index","follow":"follow","max-snippet":"max-snippet:-1","max-image-preview":"max-image-preview:large","max-video-preview":"max-video-preview:-1"},"canonical":"https:\/\/syrec.net\/en\/chateau-catherine-de-montgolfier\/","og_locale":"en_US","og_type":"article","og_description":"Le site du Ch\u00e2teau Catherine de Montgolfier est en construction. Vous pouvez joindre l&rsquo;\u00e9quipe du Ch\u00e2teau avec les coordonn\u00e9es ci-dessous. En pleine mutation, le Ch\u00e2teau Catherine de Montgolfier reste pour le moment sous son ancien nom : Domaine de la Ramade. 04 68 41 31 15 XXX","og_url":"https:\/\/syrec.net\/en\/chateau-catherine-de-montgolfier\/","og_site_name":"SYREC","article_modified_time":"2022-12-10T11:02:13+00:00","og_image":[{"url":"https:\/\/syrec.net\/wp-content\/uploads\/2022\/12\/logo_ChateauC2M_RVB-300x300.png"}],"twitter_card":"summary_large_image","twitter_misc":{"Est. reading time":"1 minute"},"schema":{"@context":"https:\/\/schema.org","@graph":[{"@type":"WebPage","@id":"https:\/\/syrec.net\/chateau-catherine-de-montgolfier\/","url":"https:\/\/syrec.net\/chateau-catherine-de-montgolfier\/","name":"- SYREC","isPartOf":{"@id":"https:\/\/syrec.net\/#website"},"datePublished":"2022-12-02T14:10:35+00:00","dateModified":"2022-12-10T11:02:13+00:00","inLanguage":"en-US","potentialAction":[{"@type":"ReadAction","target":["https:\/\/syrec.net\/chateau-catherine-de-montgolfier\/"]}]},{"@type":"WebSite","@id":"https:\/\/syrec.net\/#website","url":"https:\/\/syrec.net\/","name":"SYREC","description":"","publisher":{"@id":"https:\/\/syrec.net\/#organization"},"potentialAction":[{"@type":"SearchAction","target":{"@type":"EntryPoint","urlTemplate":"https:\/\/syrec.net\/?s={search_term_string}"},"query-input":"required name=search_term_string"}],"inLanguage":"en-US"},{"@type":"Organization","@id":"https:\/\/syrec.net\/#organization","name":"SYREC","url":"https:\/\/syrec.net\/","logo":{"@type":"ImageObject","inLanguage":"en-US","@id":"https:\/\/syrec.net\/#\/schema\/logo\/image\/","url":"https:\/\/syrec.net\/wp-content\/uploads\/2022\/10\/Plan-de-travail-2-1.png","contentUrl":"https:\/\/syrec.net\/wp-content\/uploads\/2022\/10\/Plan-de-travail-2-1.png","width":2061,"height":1345,"caption":"SYREC"},"image":{"@id":"https:\/\/syrec.net\/#\/schema\/logo\/image\/"}}]}},"_links":{"self":[{"href":"https:\/\/syrec.net\/en\/wp-json\/wp\/v2\/pages\/2180"}],"collection":[{"href":"https:\/\/syrec.net\/en\/wp-json\/wp\/v2\/pages"}],"about":[{"href":"https:\/\/syrec.net\/en\/wp-json\/wp\/v2\/types\/page"}],"author":[{"embeddable":true,"href":"https:\/\/syrec.net\/en\/wp-json\/wp\/v2\/users\/5"}],"replies":[{"embeddable":true,"href":"https:\/\/syrec.net\/en\/wp-json\/wp\/v2\/comments?post=2180"}],"version-history":[{"count":93,"href":"https:\/\/syrec.net\/en\/wp-json\/wp\/v2\/pages\/2180\/revisions"}],"predecessor-version":[{"id":2347,"href":"https:\/\/syrec.net\/en\/wp-json\/wp\/v2\/pages\/2180\/revisions\/2347"}],"wp:attachment":[{"href":"https:\/\/syrec.net\/en\/wp-json\/wp\/v2\/media?parent=2180"}],"curies":[{"name":"wp","href":"https:\/\/api.w.org\/{rel}","templated":true}]}}