{"id":455,"date":"2022-10-27T01:31:40","date_gmt":"2022-10-26T23:31:40","guid":{"rendered":"https:\/\/syrec.net\/?page_id=455"},"modified":"2022-12-15T11:38:39","modified_gmt":"2022-12-15T10:38:39","slug":"rapports-detransparence","status":"publish","type":"page","link":"https:\/\/syrec.net\/en\/rapports-detransparence\/","title":{"rendered":"Rapports de transparence"},"content":{"rendered":"<div data-elementor-type=\"wp-page\" data-elementor-id=\"455\" class=\"elementor elementor-455\">\n\t\t\t\t\t\t\t\t\t<section class=\"has_eae_slider elementor-section elementor-top-section elementor-element elementor-element-0c42d9d elementor-section-full_width elementor-section-stretched elementor-section-height-default elementor-section-height-default\" data-id=\"0c42d9d\" data-element_type=\"section\" data-settings=\"{&quot;stretch_section&quot;:&quot;section-stretched&quot;}\">\n\t\t\t\t\t\t<div class=\"elementor-container elementor-column-gap-no\">\n\t\t\t\t\t<div class=\"has_eae_slider elementor-column elementor-col-100 elementor-top-column elementor-element elementor-element-6207bc9\" data-id=\"6207bc9\" data-element_type=\"column\">\n\t\t\t<div class=\"elementor-widget-wrap\">\n\t\t\t\t\t\t\t\t\t<\/div>\n\t\t<\/div>\n\t\t\t\t\t\t\t<\/div>\n\t\t<\/section>\n\t\t\t\t<section class=\"has_eae_slider elementor-section elementor-top-section elementor-element elementor-element-7cd45833 elementor-section-content-middle elementor-reverse-mobile elementor-section-stretched elementor-section-boxed elementor-section-height-default elementor-section-height-default\" data-id=\"7cd45833\" data-element_type=\"section\" data-settings=\"{&quot;stretch_section&quot;:&quot;section-stretched&quot;}\">\n\t\t\t\t\t\t<div class=\"elementor-container elementor-column-gap-no\">\n\t\t\t\t\t<div class=\"has_eae_slider elementor-column elementor-col-50 elementor-top-column elementor-element elementor-element-6acb9c10\" data-id=\"6acb9c10\" data-element_type=\"column\">\n\t\t\t<div class=\"elementor-widget-wrap elementor-element-populated\">\n\t\t\t\t\t\t\t\t<div class=\"elementor-element elementor-element-2cb3421b elementor-widget elementor-widget-heading\" data-id=\"2cb3421b\" data-element_type=\"widget\" data-widget_type=\"heading.default\">\n\t\t\t\t<div class=\"elementor-widget-container\">\n\t\t\t<style>\/*! elementor - v3.16.0 - 17-10-2023 *\/\n.elementor-heading-title{padding:0;margin:0;line-height:1}.elementor-widget-heading .elementor-heading-title[class*=elementor-size-]>a{color:inherit;font-size:inherit;line-height:inherit}.elementor-widget-heading .elementor-heading-title.elementor-size-small{font-size:15px}.elementor-widget-heading .elementor-heading-title.elementor-size-medium{font-size:19px}.elementor-widget-heading .elementor-heading-title.elementor-size-large{font-size:29px}.elementor-widget-heading .elementor-heading-title.elementor-size-xl{font-size:39px}.elementor-widget-heading .elementor-heading-title.elementor-size-xxl{font-size:59px}<\/style><h4 class=\"elementor-heading-title elementor-size-default\">Notre rapport de transparence<\/h4>\t\t<\/div>\n\t\t\t\t<\/div>\n\t\t\t\t<div class=\"elementor-element elementor-element-177ce02c elementor-widget elementor-widget-text-editor\" data-id=\"177ce02c\" data-element_type=\"widget\" data-widget_type=\"text-editor.default\">\n\t\t\t\t<div class=\"elementor-widget-container\">\n\t\t\t<style>\/*! elementor - v3.16.0 - 17-10-2023 *\/\n.elementor-widget-text-editor.elementor-drop-cap-view-stacked .elementor-drop-cap{background-color:#69727d;color:#fff}.elementor-widget-text-editor.elementor-drop-cap-view-framed .elementor-drop-cap{color:#69727d;border:3px solid;background-color:transparent}.elementor-widget-text-editor:not(.elementor-drop-cap-view-default) .elementor-drop-cap{margin-top:8px}.elementor-widget-text-editor:not(.elementor-drop-cap-view-default) .elementor-drop-cap-letter{width:1em;height:1em}.elementor-widget-text-editor .elementor-drop-cap{float:left;text-align:center;line-height:1;font-size:50px}.elementor-widget-text-editor .elementor-drop-cap-letter{display:inline-block}<\/style>\t\t\t\t<p>Conform\u00e9ment aux dispositions de la directive europ\u00e9enne relative au contr\u00f4le l\u00e9gal des comptes et de l&rsquo;article R.823-21 (D\u00e9cret n\u00b02014-1315, art. 9) du Code de commerce, le cabinet Syrec publie son rapport annuel de transparence qui fournit l&rsquo;ensemble des informations requises permettant d&rsquo;appr\u00e9cier la mani\u00e8re dont nos valeurs guident, en permanence, nos missions et comportements.<\/p><p>It is a long established fact that a reader will be distracted by the readable content of a page when looking at its layout.\u00a0<\/p>\t\t\t\t\t\t<\/div>\n\t\t\t\t<\/div>\n\t\t\t\t<div class=\"elementor-element elementor-element-f0d697d elementor-widget elementor-widget-button\" data-id=\"f0d697d\" data-element_type=\"widget\" data-widget_type=\"button.default\">\n\t\t\t\t<div class=\"elementor-widget-container\">\n\t\t\t\t\t<div class=\"elementor-button-wrapper\">\n\t\t\t<a class=\"elementor-button elementor-button-link elementor-size-sm elementor-animation-pulse\" href=\"#\">\n\t\t\t\t\t\t<span class=\"elementor-button-content-wrapper\">\n\t\t\t\t\t\t<span class=\"elementor-button-text\">T\u00e9l\u00e9chargez le rapport<\/span>\n\t\t<\/span>\n\t\t\t\t\t<\/a>\n\t\t<\/div>\n\t\t\t\t<\/div>\n\t\t\t\t<\/div>\n\t\t\t\t\t<\/div>\n\t\t<\/div>\n\t\t\t\t<div class=\"has_eae_slider elementor-column elementor-col-50 elementor-top-column elementor-element elementor-element-6a447ce6\" data-id=\"6a447ce6\" data-element_type=\"column\">\n\t\t\t<div class=\"elementor-widget-wrap elementor-element-populated\">\n\t\t\t\t\t\t\t\t<div class=\"elementor-element elementor-element-1350947f elementor-widget elementor-widget-image\" data-id=\"1350947f\" data-element_type=\"widget\" data-widget_type=\"image.default\">\n\t\t\t\t<div class=\"elementor-widget-container\">\n\t\t\t<style>\/*! elementor - v3.16.0 - 17-10-2023 *\/\n.elementor-widget-image{text-align:center}.elementor-widget-image a{display:inline-block}.elementor-widget-image a img[src$=\".svg\"]{width:48px}.elementor-widget-image img{vertical-align:middle;display:inline-block}<\/style>\t\t\t\t\t\t\t\t\t\t\t\t<img loading=\"lazy\" decoding=\"async\" width=\"1500\" height=\"844\" src=\"https:\/\/syrec.net\/wp-content\/uploads\/2022\/11\/Photo-Syrec-352.jpg\" class=\"attachment-full size-full wp-image-1638\" alt=\"\" srcset=\"https:\/\/syrec.net\/wp-content\/uploads\/2022\/11\/Photo-Syrec-352.jpg 1500w, https:\/\/syrec.net\/wp-content\/uploads\/2022\/11\/Photo-Syrec-352-300x169.jpg 300w, https:\/\/syrec.net\/wp-content\/uploads\/2022\/11\/Photo-Syrec-352-1024x576.jpg 1024w, https:\/\/syrec.net\/wp-content\/uploads\/2022\/11\/Photo-Syrec-352-768x432.jpg 768w, https:\/\/syrec.net\/wp-content\/uploads\/2022\/11\/Photo-Syrec-352-18x10.jpg 18w, https:\/\/syrec.net\/wp-content\/uploads\/2022\/11\/Photo-Syrec-352-1200x675.jpg 1200w\" sizes=\"(max-width: 1500px) 100vw, 1500px\" \/>\t\t\t\t\t\t\t\t\t\t\t\t\t\t\t<\/div>\n\t\t\t\t<\/div>\n\t\t\t\t\t<\/div>\n\t\t<\/div>\n\t\t\t\t\t\t\t<\/div>\n\t\t<\/section>\n\t\t\t\t\t\t\t<\/div>","protected":false},"excerpt":{"rendered":"<p>Notre rapport de transparence Conform\u00e9ment aux dispositions de la directive europ\u00e9enne relative au contr\u00f4le l\u00e9gal des comptes et de l&rsquo;article R.823-21 (D\u00e9cret n\u00b02014-1315, art. 9) du Code de commerce, le cabinet Syrec publie son rapport annuel de transparence qui fournit l&rsquo;ensemble des informations requises permettant d&rsquo;appr\u00e9cier la mani\u00e8re dont nos valeurs guident, en permanence, nos [&hellip;]<\/p>","protected":false},"author":5,"featured_media":0,"parent":0,"menu_order":0,"comment_status":"closed","ping_status":"closed","template":"","meta":{"footnotes":""},"yoast_head":"<!-- This site is optimized with the Yoast SEO Premium plugin v19.5 (Yoast SEO v19.11) - https:\/\/yoast.com\/wordpress\/plugins\/seo\/ -->\n<title>Rapports de transparence - SYREC<\/title>\n<meta name=\"robots\" content=\"index, follow, max-snippet:-1, max-image-preview:large, max-video-preview:-1\" \/>\n<link rel=\"canonical\" href=\"https:\/\/syrec.net\/en\/rapports-detransparence\/\" \/>\n<meta property=\"og:locale\" content=\"en_US\" \/>\n<meta property=\"og:type\" content=\"article\" \/>\n<meta property=\"og:title\" content=\"Rapports de transparence\" \/>\n<meta property=\"og:description\" content=\"Notre rapport de transparence Conform\u00e9ment aux dispositions de la directive europ\u00e9enne relative au contr\u00f4le l\u00e9gal des comptes et de l&rsquo;article R.823-21 (D\u00e9cret n\u00b02014-1315, art. 9) du Code de commerce, le cabinet Syrec publie son rapport annuel de transparence qui fournit l&rsquo;ensemble des informations requises permettant d&rsquo;appr\u00e9cier la mani\u00e8re dont nos valeurs guident, en permanence, nos [&hellip;]\" \/>\n<meta property=\"og:url\" content=\"https:\/\/syrec.net\/en\/rapports-detransparence\/\" \/>\n<meta property=\"og:site_name\" content=\"SYREC\" \/>\n<meta property=\"article:modified_time\" content=\"2022-12-15T10:38:39+00:00\" \/>\n<meta property=\"og:image\" content=\"https:\/\/syrec.net\/wp-content\/uploads\/2022\/11\/Photo-Syrec-352.jpg\" \/>\n<meta name=\"twitter:card\" content=\"summary_large_image\" \/>\n<meta name=\"twitter:label1\" content=\"Est. reading time\" \/>\n\t<meta name=\"twitter:data1\" content=\"1 minute\" \/>\n<script type=\"application\/ld+json\" class=\"yoast-schema-graph\">{\"@context\":\"https:\/\/schema.org\",\"@graph\":[{\"@type\":\"WebPage\",\"@id\":\"https:\/\/syrec.net\/rapports-detransparence\/\",\"url\":\"https:\/\/syrec.net\/rapports-detransparence\/\",\"name\":\"Rapports de transparence - SYREC\",\"isPartOf\":{\"@id\":\"https:\/\/syrec.net\/#website\"},\"datePublished\":\"2022-10-26T23:31:40+00:00\",\"dateModified\":\"2022-12-15T10:38:39+00:00\",\"breadcrumb\":{\"@id\":\"https:\/\/syrec.net\/rapports-detransparence\/#breadcrumb\"},\"inLanguage\":\"en-US\",\"potentialAction\":[{\"@type\":\"ReadAction\",\"target\":[\"https:\/\/syrec.net\/rapports-detransparence\/\"]}]},{\"@type\":\"BreadcrumbList\",\"@id\":\"https:\/\/syrec.net\/rapports-detransparence\/#breadcrumb\",\"itemListElement\":[{\"@type\":\"ListItem\",\"position\":1,\"name\":\"Accueil\",\"item\":\"https:\/\/syrec.net\/\"},{\"@type\":\"ListItem\",\"position\":2,\"name\":\"Rapports de transparence\"}]},{\"@type\":\"WebSite\",\"@id\":\"https:\/\/syrec.net\/#website\",\"url\":\"https:\/\/syrec.net\/\",\"name\":\"SYREC\",\"description\":\"\",\"publisher\":{\"@id\":\"https:\/\/syrec.net\/#organization\"},\"potentialAction\":[{\"@type\":\"SearchAction\",\"target\":{\"@type\":\"EntryPoint\",\"urlTemplate\":\"https:\/\/syrec.net\/?s={search_term_string}\"},\"query-input\":\"required name=search_term_string\"}],\"inLanguage\":\"en-US\"},{\"@type\":\"Organization\",\"@id\":\"https:\/\/syrec.net\/#organization\",\"name\":\"SYREC\",\"url\":\"https:\/\/syrec.net\/\",\"logo\":{\"@type\":\"ImageObject\",\"inLanguage\":\"en-US\",\"@id\":\"https:\/\/syrec.net\/#\/schema\/logo\/image\/\",\"url\":\"https:\/\/syrec.net\/wp-content\/uploads\/2022\/10\/Plan-de-travail-2-1.png\",\"contentUrl\":\"https:\/\/syrec.net\/wp-content\/uploads\/2022\/10\/Plan-de-travail-2-1.png\",\"width\":2061,\"height\":1345,\"caption\":\"SYREC\"},\"image\":{\"@id\":\"https:\/\/syrec.net\/#\/schema\/logo\/image\/\"}}]}<\/script>\n<!-- \/ Yoast SEO Premium plugin. -->","yoast_head_json":{"title":"Rapports de transparence - SYREC","robots":{"index":"index","follow":"follow","max-snippet":"max-snippet:-1","max-image-preview":"max-image-preview:large","max-video-preview":"max-video-preview:-1"},"canonical":"https:\/\/syrec.net\/en\/rapports-detransparence\/","og_locale":"en_US","og_type":"article","og_title":"Rapports de transparence","og_description":"Notre rapport de transparence Conform\u00e9ment aux dispositions de la directive europ\u00e9enne relative au contr\u00f4le l\u00e9gal des comptes et de l&rsquo;article R.823-21 (D\u00e9cret n\u00b02014-1315, art. 9) du Code de commerce, le cabinet Syrec publie son rapport annuel de transparence qui fournit l&rsquo;ensemble des informations requises permettant d&rsquo;appr\u00e9cier la mani\u00e8re dont nos valeurs guident, en permanence, nos [&hellip;]","og_url":"https:\/\/syrec.net\/en\/rapports-detransparence\/","og_site_name":"SYREC","article_modified_time":"2022-12-15T10:38:39+00:00","og_image":[{"url":"https:\/\/syrec.net\/wp-content\/uploads\/2022\/11\/Photo-Syrec-352.jpg"}],"twitter_card":"summary_large_image","twitter_misc":{"Est. reading time":"1 minute"},"schema":{"@context":"https:\/\/schema.org","@graph":[{"@type":"WebPage","@id":"https:\/\/syrec.net\/rapports-detransparence\/","url":"https:\/\/syrec.net\/rapports-detransparence\/","name":"Rapports de transparence - SYREC","isPartOf":{"@id":"https:\/\/syrec.net\/#website"},"datePublished":"2022-10-26T23:31:40+00:00","dateModified":"2022-12-15T10:38:39+00:00","breadcrumb":{"@id":"https:\/\/syrec.net\/rapports-detransparence\/#breadcrumb"},"inLanguage":"en-US","potentialAction":[{"@type":"ReadAction","target":["https:\/\/syrec.net\/rapports-detransparence\/"]}]},{"@type":"BreadcrumbList","@id":"https:\/\/syrec.net\/rapports-detransparence\/#breadcrumb","itemListElement":[{"@type":"ListItem","position":1,"name":"Accueil","item":"https:\/\/syrec.net\/"},{"@type":"ListItem","position":2,"name":"Rapports de transparence"}]},{"@type":"WebSite","@id":"https:\/\/syrec.net\/#website","url":"https:\/\/syrec.net\/","name":"SYREC","description":"","publisher":{"@id":"https:\/\/syrec.net\/#organization"},"potentialAction":[{"@type":"SearchAction","target":{"@type":"EntryPoint","urlTemplate":"https:\/\/syrec.net\/?s={search_term_string}"},"query-input":"required name=search_term_string"}],"inLanguage":"en-US"},{"@type":"Organization","@id":"https:\/\/syrec.net\/#organization","name":"SYREC","url":"https:\/\/syrec.net\/","logo":{"@type":"ImageObject","inLanguage":"en-US","@id":"https:\/\/syrec.net\/#\/schema\/logo\/image\/","url":"https:\/\/syrec.net\/wp-content\/uploads\/2022\/10\/Plan-de-travail-2-1.png","contentUrl":"https:\/\/syrec.net\/wp-content\/uploads\/2022\/10\/Plan-de-travail-2-1.png","width":2061,"height":1345,"caption":"SYREC"},"image":{"@id":"https:\/\/syrec.net\/#\/schema\/logo\/image\/"}}]}},"_links":{"self":[{"href":"https:\/\/syrec.net\/en\/wp-json\/wp\/v2\/pages\/455"}],"collection":[{"href":"https:\/\/syrec.net\/en\/wp-json\/wp\/v2\/pages"}],"about":[{"href":"https:\/\/syrec.net\/en\/wp-json\/wp\/v2\/types\/page"}],"author":[{"embeddable":true,"href":"https:\/\/syrec.net\/en\/wp-json\/wp\/v2\/users\/5"}],"replies":[{"embeddable":true,"href":"https:\/\/syrec.net\/en\/wp-json\/wp\/v2\/comments?post=455"}],"version-history":[{"count":59,"href":"https:\/\/syrec.net\/en\/wp-json\/wp\/v2\/pages\/455\/revisions"}],"predecessor-version":[{"id":2454,"href":"https:\/\/syrec.net\/en\/wp-json\/wp\/v2\/pages\/455\/revisions\/2454"}],"wp:attachment":[{"href":"https:\/\/syrec.net\/en\/wp-json\/wp\/v2\/media?parent=455"}],"curies":[{"name":"wp","href":"https:\/\/api.w.org\/{rel}","templated":true}]}}